{"id":1610,"date":"2017-05-02T11:18:21","date_gmt":"2017-05-02T11:18:21","guid":{"rendered":"http:\/\/www.afiesa.com\/lopd\/"},"modified":"2018-05-25T11:00:00","modified_gmt":"2018-05-25T11:00:00","slug":"datos-personales","status":"publish","type":"page","link":"https:\/\/www.afiesa.com\/ca\/datos-personales\/","title":{"rendered":"Lopd"},"content":{"rendered":"<div class=\"fusion-fullwidth fullwidth-box fusion-builder-row-1 nonhundred-percent-fullwidth non-hundred-percent-height-scrolling\" style=\"--awb-border-radius-top-left:0px;--awb-border-radius-top-right:0px;--awb-border-radius-bottom-right:0px;--awb-border-radius-bottom-left:0px;--awb-flex-wrap:wrap;\" ><div class=\"fusion-builder-row fusion-row\"><div class=\"fusion-layout-column fusion_builder_column fusion-builder-column-0 fusion_builder_column_1_1 1_1 fusion-one-full fusion-column-first fusion-column-last\" style=\"--awb-bg-size:cover;\"><div class=\"fusion-column-wrapper fusion-flex-column-wrapper-legacy\"><div class=\"fusion-text fusion-text-1\"><p><span id=\"result_box\" class=\"\" lang=\"ca\" tabindex=\"-1\"><span title=\"De conformidad con lo que establece la Ley Orga\u0301nica 15\/1999, de 13 de diciembre, de Proteccio\u0301n de Datos de Cara\u0301cter Personal, le informamos que sus datos sera\u0301n incorporados a un fichero bajo la responsabilidad de AFIESA con la finalidad de atender sus consultas. \">De conformitat amb el que estableix el Reglament (UE) 2016\/679, de 27 d&#8217;abril de 2016, relatiu a la protecci\u00f3 de les persones f\u00edsiques pel que fa al tractament de dades personals, l&#8217;informem que les seves dades seran incorporades a un fitxer sota la responsabilitat de AFIESA amb la finalitat d&#8217;atendre les seves consultes.<\/span><\/span><\/p>\n<p><span title=\"Puede ejercer sus derechos de acceso, rectificacio\u0301n, cancelacio\u0301n y oposicio\u0301n mediante un escrito a nuestra direccio\u0301n: General Luque, 277. 07300 INCA (ILLES BALEARS) \">Pot exercir els seus drets d&#8217;acc\u00e9s, rectificaci\u00f3, cancel\u00b7laci\u00f3 i oposici\u00f3 mitjan\u00e7ant un escrit a la nostra adre\u00e7a: General Luque, 277. 07300 INCA (ILLES BALEARS)<\/span><\/p>\n<p><span title=\"Mientras no nos comunique lo contrario, entenderemos que sus datos no han sido modificados, que usted se compromete a notificarnos cualquier variacio\u0301n y que contamos con su consentimiento para el tratamiento de los mismos. \">Mentre no ens comuniqui el contrari, entendrem que les seves dades no han estat modificades, que vost\u00e8 es compromet a notificar-nos qualsevol variaci\u00f3 i que tenim el seu consentiment per al tractament dels mateixos.<\/span><\/p>\n<p><span title=\"Asimismo, y de acuerdo con lo establecido en la Ley 34\/2002, de 11 de julio, de Servicios de la Sociedad de la Informacio\u0301n y de Comercio Electro\u0301nico, en su arti\u0301culo 21, solicitamos tambie\u0301n su consentimiento expreso para enviarle publicidad de nuestros productos o\">Aix\u00ed mateix, i d&#8217;acord amb el que estableix la Llei 34\/2002, de 11 de juliol, de Serveis de la Societat de la Informaci\u00f3 i de Comer\u00e7 Electr\u00f2nic, en el seu article 21, sol\u00b7licitem tamb\u00e9 el seu consentiment expr\u00e9s per enviar-li publicitat dels nostres productes o <\/span><span title=\"promociones que consideremos puedan ser de su intere\u0301s, por correo electro\u0301nico o por cualquier otro medio de comunicacio\u0301n electro\u0301nica equivalente. \">promocions que considerem puguin ser del seu inter\u00e8s, per correu electr\u00f2nic o per qualsevol altre mitj\u00e0 de comunicaci\u00f3 electr\u00f2nica equivalent.<\/span><\/p>\n<p><span title=\"Le informamos que podra\u0301 revocar en cualquier momento el consentimiento prestado a la recepcio\u0301n de comunicaciones comerciales enviando un e-mail a la direccio\u0301n de correo electro\u0301nico: afiesa@afiesa.com \">L&#8217;informem que podr\u00e0 revocar en qualsevol moment el consentiment prestat a la recepci\u00f3 de comunicacions comercials enviant un correu electr\u00f2nic a l&#8217;adre\u00e7a de correu electr\u00f2nic: afiesa@afiesa.com<\/span><\/p>\n<p><span title=\"El envi\u0301o de estos datos implica la aceptacio\u0301n de esta cla\u0301usula.\">L&#8217;enviament d&#8217;aquestes dades implica l&#8217;acceptaci\u00f3 d&#8217;aquesta cl\u00e0usula.<\/span><\/p>\n<\/div><div class=\"fusion-clearfix\"><\/div><\/div><\/div><\/div><\/div>\n","protected":false},"excerpt":{"rendered":"","protected":false},"author":1,"featured_media":0,"parent":0,"menu_order":0,"comment_status":"closed","ping_status":"closed","template":"","meta":{"footnotes":""},"class_list":["post-1610","page","type-page","status-publish","hentry"],"yoast_head":"<!-- This site is optimized with the Yoast SEO plugin v25.9 - https:\/\/yoast.com\/wordpress\/plugins\/seo\/ -->\n<title>Lopd - AFIESA<\/title>\n<meta name=\"robots\" content=\"index, follow, max-snippet:-1, max-image-preview:large, max-video-preview:-1\" \/>\n<link rel=\"canonical\" href=\"https:\/\/www.afiesa.com\/ca\/datos-personales\/\" \/>\n<meta property=\"og:locale\" content=\"ca_ES\" \/>\n<meta property=\"og:type\" content=\"article\" \/>\n<meta property=\"og:title\" content=\"Lopd - AFIESA\" \/>\n<meta property=\"og:url\" content=\"https:\/\/www.afiesa.com\/ca\/datos-personales\/\" \/>\n<meta property=\"og:site_name\" content=\"AFIESA\" \/>\n<meta property=\"article:modified_time\" content=\"2018-05-25T11:00:00+00:00\" \/>\n<meta name=\"twitter:card\" content=\"summary_large_image\" \/>\n<meta name=\"twitter:label1\" content=\"Temps estimat de lectura\" \/>\n\t<meta name=\"twitter:data1\" content=\"2 minuts\" \/>\n<script type=\"application\/ld+json\" class=\"yoast-schema-graph\">{\"@context\":\"https:\/\/schema.org\",\"@graph\":[{\"@type\":\"WebPage\",\"@id\":\"https:\/\/www.afiesa.com\/ca\/datos-personales\/\",\"url\":\"https:\/\/www.afiesa.com\/ca\/datos-personales\/\",\"name\":\"Lopd - AFIESA\",\"isPartOf\":{\"@id\":\"https:\/\/www.afiesa.com\/#website\"},\"datePublished\":\"2017-05-02T11:18:21+00:00\",\"dateModified\":\"2018-05-25T11:00:00+00:00\",\"breadcrumb\":{\"@id\":\"https:\/\/www.afiesa.com\/ca\/datos-personales\/#breadcrumb\"},\"inLanguage\":\"ca\",\"potentialAction\":[{\"@type\":\"ReadAction\",\"target\":[\"https:\/\/www.afiesa.com\/ca\/datos-personales\/\"]}]},{\"@type\":\"BreadcrumbList\",\"@id\":\"https:\/\/www.afiesa.com\/ca\/datos-personales\/#breadcrumb\",\"itemListElement\":[{\"@type\":\"ListItem\",\"position\":1,\"name\":\"Portada\",\"item\":\"https:\/\/www.afiesa.com\/ca\/\"},{\"@type\":\"ListItem\",\"position\":2,\"name\":\"Lopd\"}]},{\"@type\":\"WebSite\",\"@id\":\"https:\/\/www.afiesa.com\/#website\",\"url\":\"https:\/\/www.afiesa.com\/\",\"name\":\"AFIESA\",\"description\":\"Gestor\u00eda\",\"potentialAction\":[{\"@type\":\"SearchAction\",\"target\":{\"@type\":\"EntryPoint\",\"urlTemplate\":\"https:\/\/www.afiesa.com\/?s={search_term_string}\"},\"query-input\":{\"@type\":\"PropertyValueSpecification\",\"valueRequired\":true,\"valueName\":\"search_term_string\"}}],\"inLanguage\":\"ca\"}]}<\/script>\n<!-- \/ Yoast SEO plugin. -->","yoast_head_json":{"title":"Lopd - AFIESA","robots":{"index":"index","follow":"follow","max-snippet":"max-snippet:-1","max-image-preview":"max-image-preview:large","max-video-preview":"max-video-preview:-1"},"canonical":"https:\/\/www.afiesa.com\/ca\/datos-personales\/","og_locale":"ca_ES","og_type":"article","og_title":"Lopd - AFIESA","og_url":"https:\/\/www.afiesa.com\/ca\/datos-personales\/","og_site_name":"AFIESA","article_modified_time":"2018-05-25T11:00:00+00:00","twitter_card":"summary_large_image","twitter_misc":{"Temps estimat de lectura":"2 minuts"},"schema":{"@context":"https:\/\/schema.org","@graph":[{"@type":"WebPage","@id":"https:\/\/www.afiesa.com\/ca\/datos-personales\/","url":"https:\/\/www.afiesa.com\/ca\/datos-personales\/","name":"Lopd - AFIESA","isPartOf":{"@id":"https:\/\/www.afiesa.com\/#website"},"datePublished":"2017-05-02T11:18:21+00:00","dateModified":"2018-05-25T11:00:00+00:00","breadcrumb":{"@id":"https:\/\/www.afiesa.com\/ca\/datos-personales\/#breadcrumb"},"inLanguage":"ca","potentialAction":[{"@type":"ReadAction","target":["https:\/\/www.afiesa.com\/ca\/datos-personales\/"]}]},{"@type":"BreadcrumbList","@id":"https:\/\/www.afiesa.com\/ca\/datos-personales\/#breadcrumb","itemListElement":[{"@type":"ListItem","position":1,"name":"Portada","item":"https:\/\/www.afiesa.com\/ca\/"},{"@type":"ListItem","position":2,"name":"Lopd"}]},{"@type":"WebSite","@id":"https:\/\/www.afiesa.com\/#website","url":"https:\/\/www.afiesa.com\/","name":"AFIESA","description":"Gestor\u00eda","potentialAction":[{"@type":"SearchAction","target":{"@type":"EntryPoint","urlTemplate":"https:\/\/www.afiesa.com\/?s={search_term_string}"},"query-input":{"@type":"PropertyValueSpecification","valueRequired":true,"valueName":"search_term_string"}}],"inLanguage":"ca"}]}},"_links":{"self":[{"href":"https:\/\/www.afiesa.com\/ca\/wp-json\/wp\/v2\/pages\/1610","targetHints":{"allow":["GET"]}}],"collection":[{"href":"https:\/\/www.afiesa.com\/ca\/wp-json\/wp\/v2\/pages"}],"about":[{"href":"https:\/\/www.afiesa.com\/ca\/wp-json\/wp\/v2\/types\/page"}],"author":[{"embeddable":true,"href":"https:\/\/www.afiesa.com\/ca\/wp-json\/wp\/v2\/users\/1"}],"replies":[{"embeddable":true,"href":"https:\/\/www.afiesa.com\/ca\/wp-json\/wp\/v2\/comments?post=1610"}],"version-history":[{"count":2,"href":"https:\/\/www.afiesa.com\/ca\/wp-json\/wp\/v2\/pages\/1610\/revisions"}],"predecessor-version":[{"id":1707,"href":"https:\/\/www.afiesa.com\/ca\/wp-json\/wp\/v2\/pages\/1610\/revisions\/1707"}],"wp:attachment":[{"href":"https:\/\/www.afiesa.com\/ca\/wp-json\/wp\/v2\/media?parent=1610"}],"curies":[{"name":"wp","href":"https:\/\/api.w.org\/{rel}","templated":true}]}}